{"id":1765,"date":"2024-12-09T00:29:25","date_gmt":"2024-12-09T05:29:25","guid":{"rendered":"https:\/\/pediatrica.local\/about-us\/"},"modified":"2025-03-04T10:39:34","modified_gmt":"2025-03-04T15:39:34","slug":"quienes-somos","status":"publish","type":"page","link":"http:\/\/www.pediatrica.com\/es\/quienes-somos\/","title":{"rendered":"Qui\u00e9nes somos"},"content":{"rendered":"\n<header class=\"wp-block-group page__header has-purple-background-color has-background is-layout-constrained wp-container-core-group-is-layout-12243e0f wp-block-group-is-layout-constrained\"><h1 class=\"has-text-align-center has-link-color wp-elements-5c15f29beec0071bb8fddc48a7dd2909 wp-block-post-title has-text-color has-white-color\">Qui\u00e9nes somos<\/h1><\/header>\n\n\n\n<section class=\"wp-block-group is-layout-constrained wp-container-core-group-is-layout-104d4f55 wp-block-group-is-layout-constrained\" style=\"margin-top:90px;margin-bottom:90px\">\n<div class=\"wp-block-columns are-vertically-aligned-center is-layout-flex wp-container-core-columns-is-layout-de084567 wp-block-columns-is-layout-flex\">\n<div class=\"wp-block-column is-vertically-aligned-center block--animation do--fade-in-up do--animation is-layout-flow wp-block-column-is-layout-flow\" style=\"--animationDelay:0ms;--animationDuration:500ms\">\n<h2 class=\"wp-block-heading has-blue-color has-text-color has-link-color wp-elements-bed3b687cffbb297978f1e8d497daccf\" style=\"line-height:1.3\">Cada d\u00eda es un buen d\u00eda para prepararse para un ma\u00f1ana saludable.<\/h2>\n\n\n\n<h3 class=\"wp-block-heading has-purple-color has-text-color has-link-color wp-elements-34cfc53ed8e1c93bf1ed773fa03b3334\">Bienvenido a su comunidad de cuidado.<\/h3>\n\n\n\n<p class=\"has-blue-color has-text-color has-link-color wp-elements-2dfb56cdb3576e982dda6d1ae5413bd2\">Brindar Atenci\u00f3n de Nueva Generaci\u00f3n para la Pr\u00f3xima Generaci\u00f3n significa que hacemos las cosas de forma diferente. Trabajamos en alianza con nuestros pacientes, sus familias y las comunidades que conf\u00edan en nosotros para su cuidado.<\/p>\n\n\n\n<p class=\"has-blue-color has-text-color has-link-color wp-elements-d9182c28223b9733802bb28cf261e762\">Nos hacemos responsables de garantizar un acceso equitativo a la atenci\u00f3n m\u00e9dica. Abogamos por cambios que generen impacto. Y seguimos aprendiendo y evolucionando para lograr mejores resultados y un futuro m\u00e1s brillante.<\/p>\n\n\n\n<p class=\"\">Juntos, estamos allanando el camino para que los ni\u00f1os crezcan y se conviertan en j\u00f3venes adultos saludables. Con estos valores como base, seguimos creciendo y sirviendo.<\/p>\n\n\n\n<p class=\"\"><\/p>\n\n\n\n<div class=\"wp-block-buttons is-layout-flex wp-block-buttons-is-layout-flex\">\n<div class=\"wp-block-button is-style-has-rounded-arrow\"><a class=\"wp-block-button__link has-white-color has-purple-background-color has-text-color has-background has-link-color wp-element-button\" href=\"http:\/\/www.pediatrica.com\/es\/localidades\/\">\u00danase a Nosotros<\/a><\/div>\n<\/div>\n<\/div>\n\n\n\n<div class=\"wp-block-column is-vertically-aligned-center block--animation do--fade-in-down do--animation is-layout-flow wp-block-column-is-layout-flow\" style=\"--animationDelay:0ms;--animationDuration:500ms\">\n<figure class=\"wp-block-image size-full\"><img loading=\"lazy\" decoding=\"async\" width=\"573\" height=\"549\" src=\"http:\/\/www.pediatrica.com\/wp-content\/uploads\/2025\/01\/why-pediatrica.png\" alt=\"\" class=\"wp-image-1242\" srcset=\"http:\/\/www.pediatrica.com\/wp-content\/uploads\/2025\/01\/why-pediatrica.png 573w, http:\/\/www.pediatrica.com\/wp-content\/uploads\/2025\/01\/why-pediatrica-300x287.png 300w\" sizes=\"auto, (max-width: 573px) 100vw, 573px\" \/><\/figure>\n<\/div>\n<\/div>\n<\/section>\n\n\n\n<section class=\"wp-block-group has-cyan-background-color has-background is-layout-constrained wp-container-core-group-is-layout-953057ac wp-block-group-is-layout-constrained\" style=\"margin-top:0px;margin-bottom:0px\">\n<div class=\"wp-block-columns is-layout-flex wp-container-core-columns-is-layout-f2b4f319 wp-block-columns-is-layout-flex\">\n<div class=\"wp-block-column is-vertically-aligned-bottom is-layout-flow wp-block-column-is-layout-flow\">\n<figure class=\"wp-block-image size-full\"><img loading=\"lazy\" decoding=\"async\" width=\"600\" height=\"549\" src=\"http:\/\/www.pediatrica.com\/wp-content\/uploads\/2025\/01\/247care.png\" alt=\"A father holds a baby and talks on the phone\" class=\"wp-image-1494\" srcset=\"http:\/\/www.pediatrica.com\/wp-content\/uploads\/2025\/01\/247care.png 600w, http:\/\/www.pediatrica.com\/wp-content\/uploads\/2025\/01\/247care-300x275.png 300w\" sizes=\"auto, (max-width: 600px) 100vw, 600px\" \/><\/figure>\n<\/div>\n\n\n\n<div class=\"wp-block-column is-vertically-aligned-center is-layout-flow wp-block-column-is-layout-flow\" style=\"padding-top:100px;padding-bottom:100px\">\n<h2 class=\"wp-block-heading has-white-color has-text-color has-link-color wp-elements-78ac987f5675aa15b7adfc28e12d2f05\">Acceso 24\/7 a su comunidad de cuidado<\/h2>\n\n\n\n<p class=\"has-white-color has-text-color has-link-color wp-elements-18ebc5e3376426f182964a851cb78076\">Los problemas de salud no siguen un horario de oficina. Por ello, los proveedores de Pediatrica est\u00e1n disponibles para usted de d\u00eda y de noche, los 365 d\u00edas del a\u00f1o. Con nuestro servicio de llamadas, no tendr\u00e1 que esperar a que nuestras oficinas abran para recibir orientaci\u00f3n. Nuestro equipo est\u00e1 disponible para apoyar a los padres cuando m\u00e1s lo necesitan.<br><br>Los problemas de salud no siguen un horario de oficina. Por ello, los proveedores de Pediatrica est\u00e1n disponibles para usted de d\u00eda y de noche, los 365 d\u00edas del a\u00f1o. Con nuestro servicio de llamadas, no tendr\u00e1 que esperar a que nuestras oficinas abran para recibir orientaci\u00f3n. Nuestro equipo est\u00e1 disponible para apoyar a los padres cuando m\u00e1s lo necesitan.<br><\/p>\n\n\n\n<div class=\"wp-block-buttons is-layout-flex wp-block-buttons-is-layout-flex\">\n<div class=\"wp-block-button is-style-has-rounded-arrow\"><a class=\"wp-block-button__link has-blue-color has-white-background-color has-text-color has-background has-link-color wp-element-button\" href=\"http:\/\/www.pediatrica.com\/coming-soon\/\">Portal del Paciente<\/a><\/div>\n<\/div>\n\n\n\n<p class=\"has-white-color has-text-color has-link-color wp-elements-cbcc69bacce88d19639685320aaab0cb\"><em><em>Las consultas de rutina enviadas a trav\u00e9s del portal ser\u00e1n respondidas en un plazo de 1 a 3 d\u00edas h\u00e1biles. Para preocupaciones urgentes, por favor llame al servicio de atenci\u00f3n fuera del horario de oficina.<\/em><\/em><\/p>\n<\/div>\n<\/div>\n<\/section>\n\n\n\n<section class=\"wp-block-group has-gray-background-color has-background is-layout-constrained wp-container-core-group-is-layout-a87ee2b5 wp-block-group-is-layout-constrained\" style=\"margin-top:0px;margin-bottom:0px;padding-top:80px;padding-bottom:80px\">\n<div class=\"wp-block-columns is-layout-flex wp-container-core-columns-is-layout-8c5dff4a wp-block-columns-is-layout-flex\">\n<div class=\"wp-block-column is-vertically-aligned-center is-layout-flow wp-block-column-is-layout-flow\">\n<h2 class=\"wp-block-heading\">Telemedicina<\/h2>\n\n\n\n<p class=\"\">We take our responsibility to make care accessible to every family seriously. If you have barriers to accessing transportation or challenges with limited mobility, we can help. Telemedicine allows you to connect with your pediatric primary care provider with ease from wherever you are.<\/p>\n<\/div>\n\n\n\n<div class=\"wp-block-column is-layout-flow wp-block-column-is-layout-flow\">\n<figure class=\"wp-block-image size-full\"><img loading=\"lazy\" decoding=\"async\" width=\"525\" height=\"447\" src=\"http:\/\/www.pediatrica.com\/wp-content\/uploads\/2025\/01\/Group-5875-1.png\" alt=\"\" class=\"wp-image-1422\" srcset=\"http:\/\/www.pediatrica.com\/wp-content\/uploads\/2025\/01\/Group-5875-1.png 525w, http:\/\/www.pediatrica.com\/wp-content\/uploads\/2025\/01\/Group-5875-1-300x255.png 300w\" sizes=\"auto, (max-width: 525px) 100vw, 525px\" \/><\/figure>\n<\/div>\n<\/div>\n<\/section>\n\n\n\n<section class=\"wp-block-group has-purple-background-color has-background is-layout-constrained wp-block-group-is-layout-constrained\" style=\"margin-top:0px;margin-bottom:0px;padding-top:100px;padding-bottom:100px\">\n<div class=\"wp-block-columns is-layout-flex wp-container-core-columns-is-layout-c24efe4f wp-block-columns-is-layout-flex\">\n<div class=\"wp-block-column is-vertically-aligned-center is-layout-flow wp-block-column-is-layout-flow\">\n<figure class=\"wp-block-image size-full\"><img loading=\"lazy\" decoding=\"async\" width=\"554\" height=\"433\" src=\"http:\/\/www.pediatrica.com\/wp-content\/uploads\/2025\/01\/Group-5872-1.png\" alt=\"\" class=\"wp-image-1423\" srcset=\"http:\/\/www.pediatrica.com\/wp-content\/uploads\/2025\/01\/Group-5872-1.png 554w, http:\/\/www.pediatrica.com\/wp-content\/uploads\/2025\/01\/Group-5872-1-300x234.png 300w\" sizes=\"auto, (max-width: 554px) 100vw, 554px\" \/><\/figure>\n<\/div>\n\n\n\n<div class=\"wp-block-column is-vertically-aligned-center is-layout-flow wp-block-column-is-layout-flow\">\n<h2 class=\"wp-block-heading has-white-color has-text-color has-link-color wp-elements-4dfe87c7b2145535075e2c2d37fab0fa\">Citas el mismo d\u00eda<\/h2>\n\n\n\n<p class=\"has-white-color has-text-color has-link-color wp-elements-ccbea77c52532b23ff4e976b84663bae\">Nadie planea un d\u00eda de enfermedad. Incluso cuando hace todo lo posible por mantener a su familia saludable, la vida pasa. Lo entendemos.<\/p>\n\n\n\n<p class=\"has-white-color has-text-color has-link-color wp-elements-246edc546b80a09aa0f966ece982458b\">No se preocupe, obtenga la atenci\u00f3n que su familia necesita y evite largas esperas o costosos viajes a urgencias. Estamos aqu\u00ed para ayudarle. Las citas el mismo d\u00eda est\u00e1n disponibles cuando m\u00e1s las necesita. Ll\u00e1menos, su comunidad de cuidado est\u00e1 lista para apoyarle.<\/p>\n\n\n\n<div class=\"wp-block-buttons is-layout-flex wp-block-buttons-is-layout-flex\">\n<div class=\"wp-block-button is-style-has-rounded-arrow\"><a class=\"wp-block-button__link has-purple-color has-white-background-color has-text-color has-background has-link-color wp-element-button\" href=\"http:\/\/www.pediatrica.com\/es\/localidades\/\"><strong>Ver Ubicaciones<\/strong><\/a><\/div>\n<\/div>\n<\/div>\n<\/div>\n<\/section>\n\n\n\n<div class=\"wp-block-group section-wrapper is-layout-constrained wp-container-core-group-is-layout-fa9ab105 wp-block-group-is-layout-constrained\" style=\"margin-top:140px\">\n<section class=\"wp-block-group cta__main has-light-gray-background-color has-background is-layout-constrained wp-container-core-group-is-layout-135d2f91 wp-block-group-is-layout-constrained\" style=\"border-radius:12px;padding-top:55px;padding-right:30px;padding-bottom:70px;padding-left:30px\">\n<h3 class=\"wp-block-heading has-text-align-center\" style=\"padding-right:15%;padding-left:15%\">Agende una cita con un proveedor de Pediatrica hoy mismo<\/h3>\n\n\n\n<div class=\"wp-block-group is-layout-constrained wp-container-core-group-is-layout-4ffa829d wp-block-group-is-layout-constrained\" style=\"padding-right:20%;padding-left:20%\">\n<div class=\"wp-block-columns is-layout-flex wp-container-core-columns-is-layout-f2b4f319 wp-block-columns-is-layout-flex\">\n<div class=\"wp-block-column is-layout-flow wp-block-column-is-layout-flow\">\n<p class=\"has-text-align-center\" style=\"margin-top:0px;margin-bottom:0px\">Ya es Paciente?<\/p>\n\n\n\n<div class=\"wp-block-buttons is-content-justification-center is-layout-flex wp-container-core-buttons-is-layout-61fe217d wp-block-buttons-is-layout-flex\" style=\"margin-top:15px\">\n<div class=\"wp-block-button is-style-has-multicolor-outline\"><a class=\"wp-block-button__link wp-element-button\" href=\"https:\/\/mycw38.eclinicalweb.com\/portal4282\/jsp\/100mp\/login_otp.jsp\" target=\"_blank\" rel=\"noreferrer noopener\">Programar Ahora<\/a><\/div>\n<\/div>\n<\/div>\n\n\n\n<div class=\"wp-block-column is-layout-flow wp-block-column-is-layout-flow\">\n<p class=\"has-text-align-center\" style=\"margin-top:0px;margin-bottom:0px\">Nuevo Paciente?<\/p>\n\n\n\n<div class=\"wp-block-buttons is-content-justification-center is-layout-flex wp-container-core-buttons-is-layout-61fe217d wp-block-buttons-is-layout-flex\" style=\"margin-top:15px\">\n<div class=\"wp-block-button is-style-has-multicolor-outline\"><a class=\"wp-block-button__link wp-element-button\" href=\"https:\/\/mycw38.eclinicalweb.com\/portal4282\/jsp\/jspnew\/preRegistration_new.jsp\" target=\"_blank\" rel=\"noreferrer noopener\">Reg\u00edstrese Aqu\u00ed<\/a><\/div>\n<\/div>\n<\/div>\n<\/div>\n<\/div>\n<\/section>\n<\/div>\n","protected":false},"excerpt":{"rendered":"<p>Cada d\u00eda es un buen d\u00eda para prepararse para un ma\u00f1ana saludable. Bienvenido a su comunidad de cuidado. Brindar Atenci\u00f3n de Nueva Generaci\u00f3n para la Pr\u00f3xima Generaci\u00f3n significa que hacemos &hellip;<\/p>\n","protected":false},"author":2,"featured_media":0,"parent":0,"menu_order":0,"comment_status":"closed","ping_status":"closed","template":"","meta":{"_acf_changed":false,"_price":"","_stock":"","_tribe_ticket_header":"","_tribe_default_ticket_provider":"","_ticket_start_date":"","_ticket_end_date":"","_tribe_ticket_show_description":"","_tribe_ticket_show_not_going":false,"_tribe_ticket_use_global_stock":"","_tribe_ticket_global_stock_level":"","_global_stock_mode":"","_global_stock_cap":"","_tribe_rsvp_for_event":"","_tribe_ticket_going_count":"","_tribe_ticket_not_going_count":"","_tribe_tickets_list":"[]","_tribe_ticket_has_attendee_info_fields":false,"footnotes":"","_tec_slr_enabled":"","_tec_slr_layout":""},"class_list":["post-1765","page","type-page","status-publish","hentry"],"acf":[],"mb":[],"yoast_head":"<!-- This site is optimized with the Yoast SEO plugin v26.2 - https:\/\/yoast.com\/wordpress\/plugins\/seo\/ -->\n<title>Qui\u00e9nes somos - Pediatrica Health Group<\/title>\n<meta name=\"description\" content=\"Learn more about Pediatrica Health Group, a trusted pediatric care provider committed to offering expert healthcare for your child.\" \/>\n<meta name=\"robots\" content=\"index, follow, max-snippet:-1, max-image-preview:large, max-video-preview:-1\" \/>\n<link rel=\"canonical\" href=\"http:\/\/www.pediatrica.com\/es\/quienes-somos\/\" \/>\n<meta property=\"og:locale\" content=\"es_ES\" \/>\n<meta property=\"og:type\" content=\"article\" \/>\n<meta property=\"og:title\" content=\"Qui\u00e9nes somos - Pediatrica Health Group\" \/>\n<meta property=\"og:description\" content=\"Learn more about Pediatrica Health Group, a trusted pediatric care provider committed to offering expert healthcare for your child.\" \/>\n<meta property=\"og:url\" content=\"http:\/\/www.pediatrica.com\/es\/quienes-somos\/\" \/>\n<meta property=\"og:site_name\" content=\"Pediatrica Health Group\" \/>\n<meta property=\"article:publisher\" content=\"https:\/\/www.facebook.com\/pediatricahealth\" \/>\n<meta property=\"article:modified_time\" content=\"2025-03-04T15:39:34+00:00\" \/>\n<meta property=\"og:image\" content=\"http:\/\/www.pediatrica.com\/wp-content\/uploads\/2025\/01\/no-thumb.png\" \/>\n\t<meta property=\"og:image:width\" content=\"1200\" \/>\n\t<meta property=\"og:image:height\" content=\"675\" \/>\n\t<meta property=\"og:image:type\" content=\"image\/png\" \/><meta property=\"og:image\" content=\"http:\/\/www.pediatrica.com\/wp-content\/uploads\/2025\/01\/why-pediatrica.png\" \/>\n<meta name=\"twitter:card\" content=\"summary_large_image\" \/>\n<meta name=\"twitter:label1\" content=\"Tiempo de lectura\" \/>\n\t<meta name=\"twitter:data1\" content=\"3 minutos\" \/>\n<script type=\"application\/ld+json\" class=\"yoast-schema-graph\">{\"@context\":\"https:\/\/schema.org\",\"@graph\":[{\"@type\":\"WebPage\",\"@id\":\"http:\/\/www.pediatrica.com\/es\/quienes-somos\/\",\"url\":\"http:\/\/www.pediatrica.com\/es\/quienes-somos\/\",\"name\":\"Qui\u00e9nes somos - Pediatrica Health Group\",\"isPartOf\":{\"@id\":\"https:\/\/www.pediatrica.com\/es\/#website\"},\"primaryImageOfPage\":{\"@id\":\"http:\/\/www.pediatrica.com\/es\/quienes-somos\/#primaryimage\"},\"image\":{\"@id\":\"http:\/\/www.pediatrica.com\/es\/quienes-somos\/#primaryimage\"},\"thumbnailUrl\":\"http:\/\/www.pediatrica.com\/wp-content\/uploads\/2025\/01\/why-pediatrica.png\",\"datePublished\":\"2024-12-09T05:29:25+00:00\",\"dateModified\":\"2025-03-04T15:39:34+00:00\",\"description\":\"Learn more about Pediatrica Health Group, a trusted pediatric care provider committed to offering expert healthcare for your child.\",\"breadcrumb\":{\"@id\":\"http:\/\/www.pediatrica.com\/es\/quienes-somos\/#breadcrumb\"},\"inLanguage\":\"es\",\"potentialAction\":[{\"@type\":\"ReadAction\",\"target\":[\"http:\/\/www.pediatrica.com\/es\/quienes-somos\/\"]}]},{\"@type\":\"ImageObject\",\"inLanguage\":\"es\",\"@id\":\"http:\/\/www.pediatrica.com\/es\/quienes-somos\/#primaryimage\",\"url\":\"http:\/\/www.pediatrica.com\/wp-content\/uploads\/2025\/01\/why-pediatrica.png\",\"contentUrl\":\"http:\/\/www.pediatrica.com\/wp-content\/uploads\/2025\/01\/why-pediatrica.png\"},{\"@type\":\"BreadcrumbList\",\"@id\":\"http:\/\/www.pediatrica.com\/es\/quienes-somos\/#breadcrumb\",\"itemListElement\":[{\"@type\":\"ListItem\",\"position\":1,\"name\":\"Home\",\"item\":\"https:\/\/www.pediatrica.com\/es\/\"},{\"@type\":\"ListItem\",\"position\":2,\"name\":\"Qui\u00e9nes somos\"}]},{\"@type\":\"WebSite\",\"@id\":\"https:\/\/www.pediatrica.com\/es\/#website\",\"url\":\"https:\/\/www.pediatrica.com\/es\/\",\"name\":\"Pediatrica Health Group\",\"description\":\"\",\"publisher\":{\"@id\":\"https:\/\/www.pediatrica.com\/es\/#organization\"},\"potentialAction\":[{\"@type\":\"SearchAction\",\"target\":{\"@type\":\"EntryPoint\",\"urlTemplate\":\"https:\/\/www.pediatrica.com\/es\/?s={search_term_string}\"},\"query-input\":{\"@type\":\"PropertyValueSpecification\",\"valueRequired\":true,\"valueName\":\"search_term_string\"}}],\"inLanguage\":\"es\"},{\"@type\":\"Organization\",\"@id\":\"https:\/\/www.pediatrica.com\/es\/#organization\",\"name\":\"Pediatrica Health Group\",\"url\":\"https:\/\/www.pediatrica.com\/es\/\",\"logo\":{\"@type\":\"ImageObject\",\"inLanguage\":\"es\",\"@id\":\"https:\/\/www.pediatrica.com\/es\/#\/schema\/logo\/image\/\",\"url\":\"http:\/\/www.pediatrica.com\/wp-content\/uploads\/2025\/01\/Logo.png\",\"contentUrl\":\"http:\/\/www.pediatrica.com\/wp-content\/uploads\/2025\/01\/Logo.png\",\"width\":176,\"height\":57,\"caption\":\"Pediatrica Health Group\"},\"image\":{\"@id\":\"https:\/\/www.pediatrica.com\/es\/#\/schema\/logo\/image\/\"},\"sameAs\":[\"https:\/\/www.facebook.com\/pediatricahealth\",\"https:\/\/www.linkedin.com\/company\/pediatrica-health\",\"https:\/\/www.instagram.com\/pediatricahealth\/\"]}]}<\/script>\n<!-- \/ Yoast SEO plugin. -->","yoast_head_json":{"title":"Qui\u00e9nes somos - Pediatrica Health Group","description":"Learn more about Pediatrica Health Group, a trusted pediatric care provider committed to offering expert healthcare for your child.","robots":{"index":"index","follow":"follow","max-snippet":"max-snippet:-1","max-image-preview":"max-image-preview:large","max-video-preview":"max-video-preview:-1"},"canonical":"http:\/\/www.pediatrica.com\/es\/quienes-somos\/","og_locale":"es_ES","og_type":"article","og_title":"Qui\u00e9nes somos - Pediatrica Health Group","og_description":"Learn more about Pediatrica Health Group, a trusted pediatric care provider committed to offering expert healthcare for your child.","og_url":"http:\/\/www.pediatrica.com\/es\/quienes-somos\/","og_site_name":"Pediatrica Health Group","article_publisher":"https:\/\/www.facebook.com\/pediatricahealth","article_modified_time":"2025-03-04T15:39:34+00:00","og_image":[{"width":1200,"height":675,"url":"http:\/\/www.pediatrica.com\/wp-content\/uploads\/2025\/01\/no-thumb.png","type":"image\/png"},{"url":"http:\/\/www.pediatrica.com\/wp-content\/uploads\/2025\/01\/why-pediatrica.png","type":"","width":"","height":""}],"twitter_card":"summary_large_image","twitter_misc":{"Tiempo de lectura":"3 minutos"},"schema":{"@context":"https:\/\/schema.org","@graph":[{"@type":"WebPage","@id":"http:\/\/www.pediatrica.com\/es\/quienes-somos\/","url":"http:\/\/www.pediatrica.com\/es\/quienes-somos\/","name":"Qui\u00e9nes somos - Pediatrica Health Group","isPartOf":{"@id":"https:\/\/www.pediatrica.com\/es\/#website"},"primaryImageOfPage":{"@id":"http:\/\/www.pediatrica.com\/es\/quienes-somos\/#primaryimage"},"image":{"@id":"http:\/\/www.pediatrica.com\/es\/quienes-somos\/#primaryimage"},"thumbnailUrl":"http:\/\/www.pediatrica.com\/wp-content\/uploads\/2025\/01\/why-pediatrica.png","datePublished":"2024-12-09T05:29:25+00:00","dateModified":"2025-03-04T15:39:34+00:00","description":"Learn more about Pediatrica Health Group, a trusted pediatric care provider committed to offering expert healthcare for your child.","breadcrumb":{"@id":"http:\/\/www.pediatrica.com\/es\/quienes-somos\/#breadcrumb"},"inLanguage":"es","potentialAction":[{"@type":"ReadAction","target":["http:\/\/www.pediatrica.com\/es\/quienes-somos\/"]}]},{"@type":"ImageObject","inLanguage":"es","@id":"http:\/\/www.pediatrica.com\/es\/quienes-somos\/#primaryimage","url":"http:\/\/www.pediatrica.com\/wp-content\/uploads\/2025\/01\/why-pediatrica.png","contentUrl":"http:\/\/www.pediatrica.com\/wp-content\/uploads\/2025\/01\/why-pediatrica.png"},{"@type":"BreadcrumbList","@id":"http:\/\/www.pediatrica.com\/es\/quienes-somos\/#breadcrumb","itemListElement":[{"@type":"ListItem","position":1,"name":"Home","item":"https:\/\/www.pediatrica.com\/es\/"},{"@type":"ListItem","position":2,"name":"Qui\u00e9nes somos"}]},{"@type":"WebSite","@id":"https:\/\/www.pediatrica.com\/es\/#website","url":"https:\/\/www.pediatrica.com\/es\/","name":"Pediatrica Health Group","description":"","publisher":{"@id":"https:\/\/www.pediatrica.com\/es\/#organization"},"potentialAction":[{"@type":"SearchAction","target":{"@type":"EntryPoint","urlTemplate":"https:\/\/www.pediatrica.com\/es\/?s={search_term_string}"},"query-input":{"@type":"PropertyValueSpecification","valueRequired":true,"valueName":"search_term_string"}}],"inLanguage":"es"},{"@type":"Organization","@id":"https:\/\/www.pediatrica.com\/es\/#organization","name":"Pediatrica Health Group","url":"https:\/\/www.pediatrica.com\/es\/","logo":{"@type":"ImageObject","inLanguage":"es","@id":"https:\/\/www.pediatrica.com\/es\/#\/schema\/logo\/image\/","url":"http:\/\/www.pediatrica.com\/wp-content\/uploads\/2025\/01\/Logo.png","contentUrl":"http:\/\/www.pediatrica.com\/wp-content\/uploads\/2025\/01\/Logo.png","width":176,"height":57,"caption":"Pediatrica Health Group"},"image":{"@id":"https:\/\/www.pediatrica.com\/es\/#\/schema\/logo\/image\/"},"sameAs":["https:\/\/www.facebook.com\/pediatricahealth","https:\/\/www.linkedin.com\/company\/pediatrica-health","https:\/\/www.instagram.com\/pediatricahealth\/"]}]}},"mfb_rest_fields":["title","yoast_head","yoast_head_json"],"ticketed":false,"_links":{"self":[{"href":"http:\/\/www.pediatrica.com\/es\/wp-json\/wp\/v2\/pages\/1765","targetHints":{"allow":["GET"]}}],"collection":[{"href":"http:\/\/www.pediatrica.com\/es\/wp-json\/wp\/v2\/pages"}],"about":[{"href":"http:\/\/www.pediatrica.com\/es\/wp-json\/wp\/v2\/types\/page"}],"author":[{"embeddable":true,"href":"http:\/\/www.pediatrica.com\/es\/wp-json\/wp\/v2\/users\/2"}],"replies":[{"embeddable":true,"href":"http:\/\/www.pediatrica.com\/es\/wp-json\/wp\/v2\/comments?post=1765"}],"version-history":[{"count":0,"href":"http:\/\/www.pediatrica.com\/es\/wp-json\/wp\/v2\/pages\/1765\/revisions"}],"wp:attachment":[{"href":"http:\/\/www.pediatrica.com\/es\/wp-json\/wp\/v2\/media?parent=1765"}],"curies":[{"name":"wp","href":"https:\/\/api.w.org\/{rel}","templated":true}]}}